{"id":134,"date":"2024-11-29T22:16:01","date_gmt":"2024-11-30T04:16:01","guid":{"rendered":"https:\/\/emilios.com.mx\/tienda\/?post_type=product&#038;p=134"},"modified":"2025-01-01T19:36:30","modified_gmt":"2025-01-02T01:36:30","slug":"rollo-o-rol-de-canela-chico","status":"publish","type":"product","link":"https:\/\/emilios.com.mx\/tienda\/?product=rollo-o-rol-de-canela-chico","title":{"rendered":"Rollo o Rol de canela &#8211; Chico"},"content":{"rendered":"<p>Deseas disfrutar de un delicioso rol de canela diferente. La combinaci\u00f3n de la canela, az\u00facar y mantequilla te har\u00e1 comer m\u00e1s de uno<\/p>\n","protected":false},"excerpt":{"rendered":"<p>Exquisito bizcocho en forma de rosca<\/p>\n","protected":false},"featured_media":188,"template":"","meta":[],"product_cat":[39],"product_tag":[41],"class_list":{"0":"post-134","1":"product","2":"type-product","3":"status-publish","4":"has-post-thumbnail","6":"product_cat-roles","7":"product_tag-rol-chico","9":"first","10":"instock","11":"taxable","12":"shipping-taxable","13":"purchasable","14":"product-type-simple"},"_links":{"self":[{"href":"https:\/\/emilios.com.mx\/tienda\/index.php?rest_route=\/wp\/v2\/product\/134","targetHints":{"allow":["GET"]}}],"collection":[{"href":"https:\/\/emilios.com.mx\/tienda\/index.php?rest_route=\/wp\/v2\/product"}],"about":[{"href":"https:\/\/emilios.com.mx\/tienda\/index.php?rest_route=\/wp\/v2\/types\/product"}],"wp:featuredmedia":[{"embeddable":true,"href":"https:\/\/emilios.com.mx\/tienda\/index.php?rest_route=\/wp\/v2\/media\/188"}],"wp:attachment":[{"href":"https:\/\/emilios.com.mx\/tienda\/index.php?rest_route=%2Fwp%2Fv2%2Fmedia&parent=134"}],"wp:term":[{"taxonomy":"product_cat","embeddable":true,"href":"https:\/\/emilios.com.mx\/tienda\/index.php?rest_route=%2Fwp%2Fv2%2Fproduct_cat&post=134"},{"taxonomy":"product_tag","embeddable":true,"href":"https:\/\/emilios.com.mx\/tienda\/index.php?rest_route=%2Fwp%2Fv2%2Fproduct_tag&post=134"}],"curies":[{"name":"wp","href":"https:\/\/api.w.org\/{rel}","templated":true}]}}